{"id":110,"date":"2017-04-15T12:57:37","date_gmt":"2017-04-15T12:57:37","guid":{"rendered":"http:\/\/ostseesonne.net\/?page_id=110"},"modified":"2018-04-16T16:54:01","modified_gmt":"2018-04-16T16:54:01","slug":"home-2","status":"publish","type":"page","link":"http:\/\/ostseesonne.net\/?page_id=110","title":{"rendered":"Home"},"content":{"rendered":"<div id='gallery-1' class='gallery galleryid-110 gallery-columns-9 gallery-size-thumbnail'><figure class='gallery-item'>\n\t\t\t<div class='gallery-icon landscape'>\n\t\t\t\t<a href='http:\/\/ostseesonne.net\/wp-content\/uploads\/2018\/03\/ostsee_urlaub_boergerende_appartement_ostseesonne_auszeit.jpg'><img loading=\"lazy\" decoding=\"async\" width=\"150\" height=\"150\" src=\"http:\/\/ostseesonne.net\/wp-content\/uploads\/2018\/03\/ostsee_urlaub_boergerende_appartement_ostseesonne_auszeit-150x150.jpg\" class=\"attachment-thumbnail size-thumbnail\" alt=\"Ferienwohnung_OstseeSonne_B\u00f6rgerende_Seestra\u00dfe 26d\" aria-describedby=\"gallery-1-198\" srcset=\"http:\/\/ostseesonne.net\/wp-content\/uploads\/2018\/03\/ostsee_urlaub_boergerende_appartement_ostseesonne_auszeit-150x150.jpg 150w, http:\/\/ostseesonne.net\/wp-content\/uploads\/2018\/03\/ostsee_urlaub_boergerende_appartement_ostseesonne_auszeit-100x100.jpg 100w\" sizes=\"auto, 100vw\" \/><\/a>\n\t\t\t<\/div>\n\t\t\t\t<figcaption class='wp-caption-text gallery-caption' id='gallery-1-198'>\n\t\t\t\tUrlaub in der Ferienwohnung OstseeSonne\n\n\t\t\t\t<\/figcaption><\/figure><figure class='gallery-item'>\n\t\t\t<div class='gallery-icon portrait'>\n\t\t\t\t<a href='http:\/\/ostseesonne.net\/wp-content\/uploads\/2018\/03\/ostsee_urlaub_boergerende_appartement_ostseesonne_Wohnbereich-e1522745626642.jpg'><img loading=\"lazy\" decoding=\"async\" width=\"150\" height=\"150\" src=\"http:\/\/ostseesonne.net\/wp-content\/uploads\/2018\/03\/ostsee_urlaub_boergerende_appartement_ostseesonne_Wohnbereich-150x150.jpg\" class=\"attachment-thumbnail size-thumbnail\" alt=\"Ferienwohnung_OstseeSonne_B\u00f6rgerende_Seestra\u00dfe 26d\" aria-describedby=\"gallery-1-205\" srcset=\"http:\/\/ostseesonne.net\/wp-content\/uploads\/2018\/03\/ostsee_urlaub_boergerende_appartement_ostseesonne_Wohnbereich-150x150.jpg 150w, http:\/\/ostseesonne.net\/wp-content\/uploads\/2018\/03\/ostsee_urlaub_boergerende_appartement_ostseesonne_Wohnbereich-100x100.jpg 100w\" sizes=\"auto, 100vw\" \/><\/a>\n\t\t\t<\/div>\n\t\t\t\t<figcaption class='wp-caption-text gallery-caption' id='gallery-1-205'>\n\t\t\t\tUrlaub in der Ferienwohnung OstseeSonne\nG\u00f6nn dir eine Auszeit!\n\t\t\t\t<\/figcaption><\/figure><figure class='gallery-item'>\n\t\t\t<div class='gallery-icon landscape'>\n\t\t\t\t<a href='http:\/\/ostseesonne.net\/wp-content\/uploads\/2018\/03\/ostsee_urlaub_boergerende_appartement_ostseesonne_Wohnen-2.jpg'><img loading=\"lazy\" decoding=\"async\" width=\"150\" height=\"150\" src=\"http:\/\/ostseesonne.net\/wp-content\/uploads\/2018\/03\/ostsee_urlaub_boergerende_appartement_ostseesonne_Wohnen-2-150x150.jpg\" class=\"attachment-thumbnail size-thumbnail\" alt=\"Ferienwohnung_OstseeSonne_B\u00f6rgerende_Seestra\u00dfe 26d\" aria-describedby=\"gallery-1-206\" srcset=\"http:\/\/ostseesonne.net\/wp-content\/uploads\/2018\/03\/ostsee_urlaub_boergerende_appartement_ostseesonne_Wohnen-2-150x150.jpg 150w, http:\/\/ostseesonne.net\/wp-content\/uploads\/2018\/03\/ostsee_urlaub_boergerende_appartement_ostseesonne_Wohnen-2-100x100.jpg 100w\" sizes=\"auto, 100vw\" \/><\/a>\n\t\t\t<\/div>\n\t\t\t\t<figcaption class='wp-caption-text gallery-caption' id='gallery-1-206'>\n\t\t\t\tUrlaub in der Ferienwohnung OstseeSonne\nG\u00f6nn dir eine Auszeit!\n\t\t\t\t<\/figcaption><\/figure><figure class='gallery-item'>\n\t\t\t<div class='gallery-icon landscape'>\n\t\t\t\t<a href='http:\/\/ostseesonne.net\/wp-content\/uploads\/2018\/03\/ostsee_urlaub_boergerende_fewo_ostseesonne_Wohnbereich.jpg'><img loading=\"lazy\" decoding=\"async\" width=\"150\" height=\"150\" src=\"http:\/\/ostseesonne.net\/wp-content\/uploads\/2018\/03\/ostsee_urlaub_boergerende_fewo_ostseesonne_Wohnbereich-150x150.jpg\" class=\"attachment-thumbnail size-thumbnail\" alt=\"Ferienwohnung_OstseeSonne_B\u00f6rgerende_Seestra\u00dfe 26d\" aria-describedby=\"gallery-1-211\" srcset=\"http:\/\/ostseesonne.net\/wp-content\/uploads\/2018\/03\/ostsee_urlaub_boergerende_fewo_ostseesonne_Wohnbereich-150x150.jpg 150w, http:\/\/ostseesonne.net\/wp-content\/uploads\/2018\/03\/ostsee_urlaub_boergerende_fewo_ostseesonne_Wohnbereich-100x100.jpg 100w\" sizes=\"auto, 100vw\" \/><\/a>\n\t\t\t<\/div>\n\t\t\t\t<figcaption class='wp-caption-text gallery-caption' id='gallery-1-211'>\n\t\t\t\tUrlaub in der Ferienwohnung OstseeSonne\nG\u00f6nn dir eine Auszeit!\n\t\t\t\t<\/figcaption><\/figure><figure class='gallery-item'>\n\t\t\t<div class='gallery-icon landscape'>\n\t\t\t\t<a href='http:\/\/ostseesonne.net\/wp-content\/uploads\/2018\/03\/ostsee_urlaub_boergerende_appartement_ostseesonne_Wohnzimmer-2-1.jpg'><img loading=\"lazy\" decoding=\"async\" width=\"150\" height=\"150\" src=\"http:\/\/ostseesonne.net\/wp-content\/uploads\/2018\/03\/ostsee_urlaub_boergerende_appartement_ostseesonne_Wohnzimmer-2-1-150x150.jpg\" class=\"attachment-thumbnail size-thumbnail\" alt=\"\" aria-describedby=\"gallery-1-226\" srcset=\"http:\/\/ostseesonne.net\/wp-content\/uploads\/2018\/03\/ostsee_urlaub_boergerende_appartement_ostseesonne_Wohnzimmer-2-1-150x150.jpg 150w, http:\/\/ostseesonne.net\/wp-content\/uploads\/2018\/03\/ostsee_urlaub_boergerende_appartement_ostseesonne_Wohnzimmer-2-1-100x100.jpg 100w\" sizes=\"auto, 100vw\" \/><\/a>\n\t\t\t<\/div>\n\t\t\t\t<figcaption class='wp-caption-text gallery-caption' id='gallery-1-226'>\n\t\t\t\tostsee_urlaub_boergerende_appartement_ostseesonne_relaxen\n\t\t\t\t<\/figcaption><\/figure><figure class='gallery-item'>\n\t\t\t<div class='gallery-icon landscape'>\n\t\t\t\t<a href='http:\/\/ostseesonne.net\/wp-content\/uploads\/2018\/03\/ostsee_urlaub_boergerende_appartement_ostseesonne_k\u00fcche.jpg'><img loading=\"lazy\" decoding=\"async\" width=\"150\" height=\"150\" src=\"http:\/\/ostseesonne.net\/wp-content\/uploads\/2018\/03\/ostsee_urlaub_boergerende_appartement_ostseesonne_k\u00fcche-150x150.jpg\" class=\"attachment-thumbnail size-thumbnail\" alt=\"Ferienwohnung_OstseeSonne_B\u00f6rgerende_Seestra\u00dfe 26d\" aria-describedby=\"gallery-1-200\" srcset=\"http:\/\/ostseesonne.net\/wp-content\/uploads\/2018\/03\/ostsee_urlaub_boergerende_appartement_ostseesonne_k\u00fcche-150x150.jpg 150w, http:\/\/ostseesonne.net\/wp-content\/uploads\/2018\/03\/ostsee_urlaub_boergerende_appartement_ostseesonne_k\u00fcche-100x100.jpg 100w\" sizes=\"auto, 100vw\" \/><\/a>\n\t\t\t<\/div>\n\t\t\t\t<figcaption class='wp-caption-text gallery-caption' id='gallery-1-200'>\n\t\t\t\tUrlaub in der Ferienwohnung OstseeSonne\nG\u00f6nn dir eine Auszeit!\n\t\t\t\t<\/figcaption><\/figure><figure class='gallery-item'>\n\t\t\t<div class='gallery-icon landscape'>\n\t\t\t\t<a href='http:\/\/ostseesonne.net\/wp-content\/uploads\/2018\/03\/ostsee_urlaub_boergerende_appartement_ostseesonne_k\u00fcche_auszeit-2.jpg'><img loading=\"lazy\" decoding=\"async\" width=\"150\" height=\"150\" src=\"http:\/\/ostseesonne.net\/wp-content\/uploads\/2018\/03\/ostsee_urlaub_boergerende_appartement_ostseesonne_k\u00fcche_auszeit-2-150x150.jpg\" class=\"attachment-thumbnail size-thumbnail\" alt=\"Ferienwohnung_OstseeSonne_B\u00f6rgerende_Seestra\u00dfe 26d\" aria-describedby=\"gallery-1-215\" srcset=\"http:\/\/ostseesonne.net\/wp-content\/uploads\/2018\/03\/ostsee_urlaub_boergerende_appartement_ostseesonne_k\u00fcche_auszeit-2-150x150.jpg 150w, http:\/\/ostseesonne.net\/wp-content\/uploads\/2018\/03\/ostsee_urlaub_boergerende_appartement_ostseesonne_k\u00fcche_auszeit-2-100x100.jpg 100w\" sizes=\"auto, 100vw\" \/><\/a>\n\t\t\t<\/div>\n\t\t\t\t<figcaption class='wp-caption-text gallery-caption' id='gallery-1-215'>\n\t\t\t\tUrlaub in der Ferienwohnung OstseeSonne\n\t\t\t\t<\/figcaption><\/figure><figure class='gallery-item'>\n\t\t\t<div class='gallery-icon landscape'>\n\t\t\t\t<a href='http:\/\/ostseesonne.net\/wp-content\/uploads\/2018\/03\/ostsee_urlaub_boergerende_fewo_ostseesonne_schlafzimmer-3.jpg'><img loading=\"lazy\" decoding=\"async\" width=\"150\" height=\"150\" src=\"http:\/\/ostseesonne.net\/wp-content\/uploads\/2018\/03\/ostsee_urlaub_boergerende_fewo_ostseesonne_schlafzimmer-3-150x150.jpg\" class=\"attachment-thumbnail size-thumbnail\" alt=\"Ferienwohnung_OstseeSonne_B\u00f6rgerende_Seestra\u00dfe 26d\" aria-describedby=\"gallery-1-210\" srcset=\"http:\/\/ostseesonne.net\/wp-content\/uploads\/2018\/03\/ostsee_urlaub_boergerende_fewo_ostseesonne_schlafzimmer-3-150x150.jpg 150w, http:\/\/ostseesonne.net\/wp-content\/uploads\/2018\/03\/ostsee_urlaub_boergerende_fewo_ostseesonne_schlafzimmer-3-100x100.jpg 100w\" sizes=\"auto, 100vw\" \/><\/a>\n\t\t\t<\/div>\n\t\t\t\t<figcaption class='wp-caption-text gallery-caption' id='gallery-1-210'>\n\t\t\t\tUrlaub in der Ferienwohnung OstseeSonne:\nG\u00f6nn dir eine Auszeit!\n\t\t\t\t<\/figcaption><\/figure><figure class='gallery-item'>\n\t\t\t<div class='gallery-icon landscape'>\n\t\t\t\t<a href='http:\/\/ostseesonne.net\/wp-content\/uploads\/2018\/03\/ostsee_urlaub_boergerende_appartement_ostseesonne_schlafzimmer_auszeit-2.jpg'><img loading=\"lazy\" decoding=\"async\" width=\"150\" height=\"150\" src=\"http:\/\/ostseesonne.net\/wp-content\/uploads\/2018\/03\/ostsee_urlaub_boergerende_appartement_ostseesonne_schlafzimmer_auszeit-2-150x150.jpg\" class=\"attachment-thumbnail size-thumbnail\" alt=\"Ferienwohnung_OstseeSonne_B\u00f6rgerende_Seestra\u00dfe 26d\" aria-describedby=\"gallery-1-202\" srcset=\"http:\/\/ostseesonne.net\/wp-content\/uploads\/2018\/03\/ostsee_urlaub_boergerende_appartement_ostseesonne_schlafzimmer_auszeit-2-150x150.jpg 150w, http:\/\/ostseesonne.net\/wp-content\/uploads\/2018\/03\/ostsee_urlaub_boergerende_appartement_ostseesonne_schlafzimmer_auszeit-2-100x100.jpg 100w\" sizes=\"auto, 100vw\" \/><\/a>\n\t\t\t<\/div>\n\t\t\t\t<figcaption class='wp-caption-text gallery-caption' id='gallery-1-202'>\n\t\t\t\tUrlaub in der Ferienwohnung OstseeSonne\nG\u00f6nn dir eine Auszeit!\n\t\t\t\t<\/figcaption><\/figure>\n\t\t<\/div>\n\n<p><strong>FerienAppartement OstseeSonne<\/strong><\/p>\n<p>Ab Sommer 2017 k\u00f6nnen Sie Ihren Urlaub in dem neuen, modernen FerienAppartement in B\u00f6rgerende in der Seestra\u00dfe 26 d verbringen. Nur 250 m und 7 Minuten vom beschaulichen Strand entfernt liegt die Ferienwohnung OstseeSonne. Diese 65 qm gro\u00dfe Ferienwohnung befindet sich im Erdgescho\u00df und liegt in dem kleinen Ferienort B\u00f6rgerende an der Ostsee. B\u00f6rgerende ist ein junger Ferienort direkt zwischen dem exklusiven Heiligendamm und dem bekannten Nienhagener Gespensterwald.<\/p>\n<p>Das Appartement hat einen gro\u00dfen 30m\u00b2 Wohnraum, Diele und Tageslicht-Duschbad mit WC. Die K\u00fcchenzeile und der Essbereich sind in den Wohnbereich integriert. Dort kann aus einem gem\u00fctlichen Faltsofa blitzschnell ein 150 x 200 m gro\u00dfes Doppelbett f\u00fcr die Kinder entstehen.<\/p>\n<p>Ein 20 m\u00b2 gro\u00dfes Schlafzimmer mit Doppelbett, 180 x 200 cm und ger\u00e4umigem Schrank bietet auch Platz f\u00fcr ein Kinderreisebett, dass optional gebucht werden kann.<\/p>\n<p>Auf der Ost-Terrasse, welche an das Schlafzimmer angrenzt, kann an der frischen Luft das Fr\u00fchst\u00fcck eingenommen werden. Vom Wohnzimmer aus betritt man die sonnige West-Terrasse, auf der Sie mit einem Glas Wein die OstseeSonne genie\u00dfen k\u00f6nnen. Ein Strandkorb und ein Grill auf der West-Terrasse vervollst\u00e4ndigen das Urlaubs-Feeling.<\/p>\n<p>Aufgrund der Gr\u00f6\u00dfe des Wohnzimmers und des Schlafraumes ist eine Unterbringung von bis zu vier Personen problemlos m\u00f6glich. Zur Wohnung geh\u00f6ren zwei PKW-Stellpl\u00e4tze und eine Fahrrad-Abstellm\u00f6glichkeit.<\/p>\n<p>Ein B\u00e4cker und ein kleiner Kiosk f\u00fcr den n\u00f6tigsten Bedarf sind direkt in der Nachbarschaft. Verschiedene Restaurants finden sie ganz in der N\u00e4he und einen Netto-Markt ca. 2 km in B\u00f6rgerende-Rethwisch.<\/p>\n<p>Die Wohnung hat Fu\u00dfbodenheizung und W-LAN. Bettw\u00e4sche, Handt\u00fccher und W-LAN sind inklusive der jeweils g\u00fcltigen Preiskategorie. Vermietet wird ohne Haustiere.<\/p>\n<p>Wir freuen uns auf Ihren Besuch!<\/p>\n<p><a href=\"https:\/\/www.david-touristik.de\/ferienwohnung\/fewo-ostseesonne-seestr-26-d.html\">Anfragen und Buchungen dieser Ferienwohnung bei David Touristik<\/a><\/p>\n<div id='gallery-2' class='gallery galleryid-110 gallery-columns-4 gallery-size-thumbnail'><figure class='gallery-item'>\n\t\t\t<div class='gallery-icon landscape'>\n\t\t\t\t<a href='http:\/\/ostseesonne.net\/wp-content\/uploads\/2018\/03\/ostsee_urlaub_boergerende_appartement_ostseesonne_auszeit.jpg'><img loading=\"lazy\" decoding=\"async\" width=\"150\" height=\"150\" src=\"http:\/\/ostseesonne.net\/wp-content\/uploads\/2018\/03\/ostsee_urlaub_boergerende_appartement_ostseesonne_auszeit-150x150.jpg\" class=\"attachment-thumbnail size-thumbnail\" alt=\"Ferienwohnung_OstseeSonne_B\u00f6rgerende_Seestra\u00dfe 26d\" aria-describedby=\"gallery-2-198\" srcset=\"http:\/\/ostseesonne.net\/wp-content\/uploads\/2018\/03\/ostsee_urlaub_boergerende_appartement_ostseesonne_auszeit-150x150.jpg 150w, http:\/\/ostseesonne.net\/wp-content\/uploads\/2018\/03\/ostsee_urlaub_boergerende_appartement_ostseesonne_auszeit-100x100.jpg 100w\" sizes=\"auto, 100vw\" \/><\/a>\n\t\t\t<\/div>\n\t\t\t\t<figcaption class='wp-caption-text gallery-caption' id='gallery-2-198'>\n\t\t\t\tUrlaub in der Ferienwohnung OstseeSonne\n\n\t\t\t\t<\/figcaption><\/figure><figure class='gallery-item'>\n\t\t\t<div class='gallery-icon landscape'>\n\t\t\t\t<a href='http:\/\/ostseesonne.net\/wp-content\/uploads\/2018\/03\/ostsee_urlaub_boergerende_fewo_ostseesonne_Wohnzimmer.jpg'><img loading=\"lazy\" decoding=\"async\" width=\"150\" height=\"150\" src=\"http:\/\/ostseesonne.net\/wp-content\/uploads\/2018\/03\/ostsee_urlaub_boergerende_fewo_ostseesonne_Wohnzimmer-150x150.jpg\" class=\"attachment-thumbnail size-thumbnail\" alt=\"Ferienwohnung_OstseeSonne_B\u00f6rgerende_Seestra\u00dfe 26d\" aria-describedby=\"gallery-2-212\" srcset=\"http:\/\/ostseesonne.net\/wp-content\/uploads\/2018\/03\/ostsee_urlaub_boergerende_fewo_ostseesonne_Wohnzimmer-150x150.jpg 150w, http:\/\/ostseesonne.net\/wp-content\/uploads\/2018\/03\/ostsee_urlaub_boergerende_fewo_ostseesonne_Wohnzimmer-100x100.jpg 100w\" sizes=\"auto, 100vw\" \/><\/a>\n\t\t\t<\/div>\n\t\t\t\t<figcaption class='wp-caption-text gallery-caption' id='gallery-2-212'>\n\t\t\t\tUrlaub in der Ferienwohnung OstseeSonne\nG\u00f6nn dir eine Auszeit!\n\t\t\t\t<\/figcaption><\/figure><figure class='gallery-item'>\n\t\t\t<div class='gallery-icon landscape'>\n\t\t\t\t<a href='http:\/\/ostseesonne.net\/wp-content\/uploads\/2018\/03\/ostsee_urlaub_boergerende_appartement_ostseesonne_Wohnen-2-3.jpg'><img loading=\"lazy\" decoding=\"async\" width=\"150\" height=\"150\" src=\"http:\/\/ostseesonne.net\/wp-content\/uploads\/2018\/03\/ostsee_urlaub_boergerende_appartement_ostseesonne_Wohnen-2-3-150x150.jpg\" class=\"attachment-thumbnail size-thumbnail\" alt=\"\" aria-describedby=\"gallery-2-229\" srcset=\"http:\/\/ostseesonne.net\/wp-content\/uploads\/2018\/03\/ostsee_urlaub_boergerende_appartement_ostseesonne_Wohnen-2-3-150x150.jpg 150w, http:\/\/ostseesonne.net\/wp-content\/uploads\/2018\/03\/ostsee_urlaub_boergerende_appartement_ostseesonne_Wohnen-2-3-100x100.jpg 100w\" sizes=\"auto, 100vw\" \/><\/a>\n\t\t\t<\/div>\n\t\t\t\t<figcaption class='wp-caption-text gallery-caption' id='gallery-2-229'>\n\t\t\t\tOstsee Ferien in Boergerende\n\t\t\t\t<\/figcaption><\/figure><figure class='gallery-item'>\n\t\t\t<div class='gallery-icon landscape'>\n\t\t\t\t<a href='http:\/\/ostseesonne.net\/wp-content\/uploads\/2018\/03\/ostsee_urlaub_boergerende_appartement_ostseesonne_Wohnzimmer-2.jpg'><img loading=\"lazy\" decoding=\"async\" width=\"150\" height=\"150\" src=\"http:\/\/ostseesonne.net\/wp-content\/uploads\/2018\/03\/ostsee_urlaub_boergerende_appartement_ostseesonne_Wohnzimmer-2-150x150.jpg\" class=\"attachment-thumbnail size-thumbnail\" alt=\"Ferienwohnung_OstseeSonne_B\u00f6rgerende_Seestra\u00dfe 26d\" aria-describedby=\"gallery-2-207\" srcset=\"http:\/\/ostseesonne.net\/wp-content\/uploads\/2018\/03\/ostsee_urlaub_boergerende_appartement_ostseesonne_Wohnzimmer-2-150x150.jpg 150w, http:\/\/ostseesonne.net\/wp-content\/uploads\/2018\/03\/ostsee_urlaub_boergerende_appartement_ostseesonne_Wohnzimmer-2-100x100.jpg 100w\" sizes=\"auto, 100vw\" \/><\/a>\n\t\t\t<\/div>\n\t\t\t\t<figcaption class='wp-caption-text gallery-caption' id='gallery-2-207'>\n\t\t\t\tUrlaub in der Ferienwohnung OstseeSonne\nG\u00f6nn dir eine Auszeit!\n\t\t\t\t<\/figcaption><\/figure><figure class='gallery-item'>\n\t\t\t<div class='gallery-icon landscape'>\n\t\t\t\t<a href='http:\/\/ostseesonne.net\/wp-content\/uploads\/2018\/03\/ostsee_urlaub_boergerende_fewo_ostseesonne_k\u00fcche.jpg'><img loading=\"lazy\" decoding=\"async\" width=\"150\" height=\"150\" src=\"http:\/\/ostseesonne.net\/wp-content\/uploads\/2018\/03\/ostsee_urlaub_boergerende_fewo_ostseesonne_k\u00fcche-150x150.jpg\" class=\"attachment-thumbnail size-thumbnail\" alt=\"Ferienwohnung_OstseeSonne_B\u00f6rgerende_Seestra\u00dfe 26d\" aria-describedby=\"gallery-2-209\" srcset=\"http:\/\/ostseesonne.net\/wp-content\/uploads\/2018\/03\/ostsee_urlaub_boergerende_fewo_ostseesonne_k\u00fcche-150x150.jpg 150w, http:\/\/ostseesonne.net\/wp-content\/uploads\/2018\/03\/ostsee_urlaub_boergerende_fewo_ostseesonne_k\u00fcche-100x100.jpg 100w\" sizes=\"auto, 100vw\" \/><\/a>\n\t\t\t<\/div>\n\t\t\t\t<figcaption class='wp-caption-text gallery-caption' id='gallery-2-209'>\n\t\t\t\tUrlaub in der Ferienwohnung OstseeSonne\nG\u00f6nn dir eine Auszeit!\n\t\t\t\t<\/figcaption><\/figure><figure class='gallery-item'>\n\t\t\t<div class='gallery-icon landscape'>\n\t\t\t\t<a href='http:\/\/ostseesonne.net\/wp-content\/uploads\/2018\/03\/ostsee_urlaub_boergerende_appartement_ostseesonne_schlafzimmer-2.jpg'><img loading=\"lazy\" decoding=\"async\" width=\"150\" height=\"150\" src=\"http:\/\/ostseesonne.net\/wp-content\/uploads\/2018\/03\/ostsee_urlaub_boergerende_appartement_ostseesonne_schlafzimmer-2-150x150.jpg\" class=\"attachment-thumbnail size-thumbnail\" alt=\"Ferienwohnung_OstseeSonne_B\u00f6rgerende_Seestra\u00dfe 26d\" aria-describedby=\"gallery-2-201\" srcset=\"http:\/\/ostseesonne.net\/wp-content\/uploads\/2018\/03\/ostsee_urlaub_boergerende_appartement_ostseesonne_schlafzimmer-2-150x150.jpg 150w, http:\/\/ostseesonne.net\/wp-content\/uploads\/2018\/03\/ostsee_urlaub_boergerende_appartement_ostseesonne_schlafzimmer-2-100x100.jpg 100w\" sizes=\"auto, 100vw\" \/><\/a>\n\t\t\t<\/div>\n\t\t\t\t<figcaption class='wp-caption-text gallery-caption' id='gallery-2-201'>\n\t\t\t\tUrlaub in der Ferienwohnung OstseeSonne\nG\u00f6nn dir eine Auszeit!\n\t\t\t\t<\/figcaption><\/figure><figure class='gallery-item'>\n\t\t\t<div class='gallery-icon landscape'>\n\t\t\t\t<a href='http:\/\/ostseesonne.net\/wp-content\/uploads\/2018\/03\/ostsee_urlaub_boergerende_appartement_ostseesonne_schlafzimmer_auszeit.jpg'><img loading=\"lazy\" decoding=\"async\" width=\"150\" height=\"150\" src=\"http:\/\/ostseesonne.net\/wp-content\/uploads\/2018\/03\/ostsee_urlaub_boergerende_appartement_ostseesonne_schlafzimmer_auszeit-150x150.jpg\" class=\"attachment-thumbnail size-thumbnail\" alt=\"Ferienwohnung_OstseeSonne_B\u00f6rgerende_Seestra\u00dfe 26d\" aria-describedby=\"gallery-2-204\" srcset=\"http:\/\/ostseesonne.net\/wp-content\/uploads\/2018\/03\/ostsee_urlaub_boergerende_appartement_ostseesonne_schlafzimmer_auszeit-150x150.jpg 150w, http:\/\/ostseesonne.net\/wp-content\/uploads\/2018\/03\/ostsee_urlaub_boergerende_appartement_ostseesonne_schlafzimmer_auszeit-100x100.jpg 100w\" sizes=\"auto, 100vw\" \/><\/a>\n\t\t\t<\/div>\n\t\t\t\t<figcaption class='wp-caption-text gallery-caption' id='gallery-2-204'>\n\t\t\t\tUrlaub in der Ferienwohnung OstseeSonne\nG\u00f6nn dir eine Auszeit!\n\t\t\t\t<\/figcaption><\/figure><figure class='gallery-item'>\n\t\t\t<div class='gallery-icon landscape'>\n\t\t\t\t<a href='http:\/\/ostseesonne.net\/wp-content\/uploads\/2018\/03\/ostsee_urlaub_boergerende_appartement_ostseesonne_schlafzimmer_auszeit-2.jpg'><img loading=\"lazy\" decoding=\"async\" width=\"150\" height=\"150\" src=\"http:\/\/ostseesonne.net\/wp-content\/uploads\/2018\/03\/ostsee_urlaub_boergerende_appartement_ostseesonne_schlafzimmer_auszeit-2-150x150.jpg\" class=\"attachment-thumbnail size-thumbnail\" alt=\"Ferienwohnung_OstseeSonne_B\u00f6rgerende_Seestra\u00dfe 26d\" aria-describedby=\"gallery-2-202\" srcset=\"http:\/\/ostseesonne.net\/wp-content\/uploads\/2018\/03\/ostsee_urlaub_boergerende_appartement_ostseesonne_schlafzimmer_auszeit-2-150x150.jpg 150w, http:\/\/ostseesonne.net\/wp-content\/uploads\/2018\/03\/ostsee_urlaub_boergerende_appartement_ostseesonne_schlafzimmer_auszeit-2-100x100.jpg 100w\" sizes=\"auto, 100vw\" \/><\/a>\n\t\t\t<\/div>\n\t\t\t\t<figcaption class='wp-caption-text gallery-caption' id='gallery-2-202'>\n\t\t\t\tUrlaub in der Ferienwohnung OstseeSonne\nG\u00f6nn dir eine Auszeit!\n\t\t\t\t<\/figcaption><\/figure>\n\t\t<\/div>\n\n","protected":false},"excerpt":{"rendered":"<p>FerienAppartement OstseeSonne Ab Sommer 2017 k\u00f6nnen Sie Ihren Urlaub in dem neuen, modernen FerienAppartement in B\u00f6rgerende in der Seestra\u00dfe 26 d verbringen. Nur 250 m und 7 Minuten vom beschaulichen Strand entfernt liegt die Ferienwohnung OstseeSonne. Diese 65 qm gro\u00dfe Ferienwohnung befindet sich im Erdgescho\u00df und liegt in dem kleinen Ferienort B\u00f6rgerende an der Ostsee. &hellip; <\/p>\n<p class=\"link-more\"><a href=\"http:\/\/ostseesonne.net\/?page_id=110\" class=\"more-link\"><span class=\"screen-reader-text\">\u201eHome\u201c <\/span>weiterlesen<\/a><\/p>\n","protected":false},"author":1,"featured_media":0,"parent":0,"menu_order":0,"comment_status":"closed","ping_status":"closed","template":"","meta":{"footnotes":""},"class_list":["post-110","page","type-page","status-publish","hentry"],"_links":{"self":[{"href":"http:\/\/ostseesonne.net\/index.php?rest_route=\/wp\/v2\/pages\/110","targetHints":{"allow":["GET"]}}],"collection":[{"href":"http:\/\/ostseesonne.net\/index.php?rest_route=\/wp\/v2\/pages"}],"about":[{"href":"http:\/\/ostseesonne.net\/index.php?rest_route=\/wp\/v2\/types\/page"}],"author":[{"embeddable":true,"href":"http:\/\/ostseesonne.net\/index.php?rest_route=\/wp\/v2\/users\/1"}],"replies":[{"embeddable":true,"href":"http:\/\/ostseesonne.net\/index.php?rest_route=%2Fwp%2Fv2%2Fcomments&post=110"}],"version-history":[{"count":18,"href":"http:\/\/ostseesonne.net\/index.php?rest_route=\/wp\/v2\/pages\/110\/revisions"}],"predecessor-version":[{"id":264,"href":"http:\/\/ostseesonne.net\/index.php?rest_route=\/wp\/v2\/pages\/110\/revisions\/264"}],"wp:attachment":[{"href":"http:\/\/ostseesonne.net\/index.php?rest_route=%2Fwp%2Fv2%2Fmedia&parent=110"}],"curies":[{"name":"wp","href":"https:\/\/api.w.org\/{rel}","templated":true}]}}