{"id":84,"date":"2017-04-15T12:40:29","date_gmt":"2017-04-15T12:40:29","guid":{"rendered":"http:\/\/ostseesonne.net\/?page_id=84"},"modified":"2018-04-16T20:53:26","modified_gmt":"2018-04-16T20:53:26","slug":"umgebung","status":"publish","type":"page","link":"http:\/\/ostseesonne.net\/?page_id=84","title":{"rendered":"Umgebung"},"content":{"rendered":"<div id='gallery-1' class='gallery galleryid-84 gallery-columns-7 gallery-size-thumbnail'><figure class='gallery-item'>\n\t\t\t<div class='gallery-icon landscape'>\n\t\t\t\t<a href='http:\/\/ostseesonne.net\/wp-content\/uploads\/2017\/04\/WP_20170328_17_53_02_Rich-2.jpg'><img loading=\"lazy\" decoding=\"async\" width=\"150\" height=\"150\" src=\"http:\/\/ostseesonne.net\/wp-content\/uploads\/2017\/04\/WP_20170328_17_53_02_Rich-2-150x150.jpg\" class=\"attachment-thumbnail size-thumbnail\" alt=\"Ferienwohnung_OstseeSonne_B\u00f6rgerende_Seestra\u00dfe 26d\" aria-describedby=\"gallery-1-45\" srcset=\"http:\/\/ostseesonne.net\/wp-content\/uploads\/2017\/04\/WP_20170328_17_53_02_Rich-2-150x150.jpg 150w, http:\/\/ostseesonne.net\/wp-content\/uploads\/2017\/04\/WP_20170328_17_53_02_Rich-2-100x100.jpg 100w\" sizes=\"auto, 100vw\" \/><\/a>\n\t\t\t<\/div>\n\t\t\t\t<figcaption class='wp-caption-text gallery-caption' id='gallery-1-45'>\n\t\t\t\tUrlaub in der Ferienwohnung OstseeSonne\nG\u00f6nn dir eine Auszeit!\n\t\t\t\t<\/figcaption><\/figure><figure class='gallery-item'>\n\t\t\t<div class='gallery-icon landscape'>\n\t\t\t\t<a href='http:\/\/ostseesonne.net\/wp-content\/uploads\/2017\/04\/20160923_142207-e1492174557591.jpg'><img loading=\"lazy\" decoding=\"async\" width=\"150\" height=\"150\" src=\"http:\/\/ostseesonne.net\/wp-content\/uploads\/2017\/04\/20160923_142207-e1492174557591-150x150.jpg\" class=\"attachment-thumbnail size-thumbnail\" alt=\"Ferienwohnung_OstseeSonne_B\u00f6rgerende_Seestra\u00dfe 26d\" aria-describedby=\"gallery-1-6\" srcset=\"http:\/\/ostseesonne.net\/wp-content\/uploads\/2017\/04\/20160923_142207-e1492174557591-150x150.jpg 150w, http:\/\/ostseesonne.net\/wp-content\/uploads\/2017\/04\/20160923_142207-e1492174557591-100x100.jpg 100w\" sizes=\"auto, 100vw\" \/><\/a>\n\t\t\t<\/div>\n\t\t\t\t<figcaption class='wp-caption-text gallery-caption' id='gallery-1-6'>\n\t\t\t\tAusflugsziel Heiligendamm\n\t\t\t\t<\/figcaption><\/figure><figure class='gallery-item'>\n\t\t\t<div class='gallery-icon landscape'>\n\t\t\t\t<a href='http:\/\/ostseesonne.net\/wp-content\/uploads\/2017\/04\/20160925_180228-e1492173962577.jpg'><img loading=\"lazy\" decoding=\"async\" width=\"150\" height=\"150\" src=\"http:\/\/ostseesonne.net\/wp-content\/uploads\/2017\/04\/20160925_180228-e1492173962577-150x150.jpg\" class=\"attachment-thumbnail size-thumbnail\" alt=\"Ferienwohnung_OstseeSonne_B\u00f6rgerende_Seestra\u00dfe 26d\" aria-describedby=\"gallery-1-20\" srcset=\"http:\/\/ostseesonne.net\/wp-content\/uploads\/2017\/04\/20160925_180228-e1492173962577-150x150.jpg 150w, http:\/\/ostseesonne.net\/wp-content\/uploads\/2017\/04\/20160925_180228-e1492173962577-100x100.jpg 100w\" sizes=\"auto, 100vw\" \/><\/a>\n\t\t\t<\/div>\n\t\t\t\t<figcaption class='wp-caption-text gallery-caption' id='gallery-1-20'>\n\t\t\t\tAusflugsziel K\u00fchlungsborn\n\t\t\t\t<\/figcaption><\/figure><figure class='gallery-item'>\n\t\t\t<div class='gallery-icon landscape'>\n\t\t\t\t<a href='http:\/\/ostseesonne.net\/wp-content\/uploads\/2017\/04\/20160925_140802-e1492174054143.jpg'><img loading=\"lazy\" decoding=\"async\" width=\"150\" height=\"150\" src=\"http:\/\/ostseesonne.net\/wp-content\/uploads\/2017\/04\/20160925_140802-e1492174054143-150x150.jpg\" class=\"attachment-thumbnail size-thumbnail\" alt=\"Ferienwohnung_OstseeSonne_B\u00f6rgerende_Seestra\u00dfe 26d\" aria-describedby=\"gallery-1-18\" srcset=\"http:\/\/ostseesonne.net\/wp-content\/uploads\/2017\/04\/20160925_140802-e1492174054143-150x150.jpg 150w, http:\/\/ostseesonne.net\/wp-content\/uploads\/2017\/04\/20160925_140802-e1492174054143-100x100.jpg 100w\" sizes=\"auto, 100vw\" \/><\/a>\n\t\t\t<\/div>\n\t\t\t\t<figcaption class='wp-caption-text gallery-caption' id='gallery-1-18'>\n\t\t\t\tSegeln in der Ostsee bei B\u00f6rgerende\n\t\t\t\t<\/figcaption><\/figure><figure class='gallery-item'>\n\t\t\t<div class='gallery-icon landscape'>\n\t\t\t\t<a href='http:\/\/ostseesonne.net\/wp-content\/uploads\/2017\/04\/20160923_164724-e1492174371165.jpg'><img loading=\"lazy\" decoding=\"async\" width=\"150\" height=\"150\" src=\"http:\/\/ostseesonne.net\/wp-content\/uploads\/2017\/04\/20160923_164724-e1492174371165-150x150.jpg\" class=\"attachment-thumbnail size-thumbnail\" alt=\"Ferienwohnung_OstseeSonne_B\u00f6rgerende_Seestra\u00dfe 26d\" aria-describedby=\"gallery-1-10\" srcset=\"http:\/\/ostseesonne.net\/wp-content\/uploads\/2017\/04\/20160923_164724-e1492174371165-150x150.jpg 150w, http:\/\/ostseesonne.net\/wp-content\/uploads\/2017\/04\/20160923_164724-e1492174371165-100x100.jpg 100w\" sizes=\"auto, 100vw\" \/><\/a>\n\t\t\t<\/div>\n\t\t\t\t<figcaption class='wp-caption-text gallery-caption' id='gallery-1-10'>\n\t\t\t\tUnterwgs mit dem Molly: zwischen K\u00fchlungsborn und Bad Doberan\n\t\t\t\t<\/figcaption><\/figure><figure class='gallery-item'>\n\t\t\t<div class='gallery-icon portrait'>\n\t\t\t\t<a href='http:\/\/ostseesonne.net\/wp-content\/uploads\/2017\/04\/20170224_144447-2-e1492174994523.jpg'><img loading=\"lazy\" decoding=\"async\" width=\"150\" height=\"150\" src=\"http:\/\/ostseesonne.net\/wp-content\/uploads\/2017\/04\/20170224_144447-2-e1492174994523-150x150.jpg\" class=\"attachment-thumbnail size-thumbnail\" alt=\"Ferienwohnung_OstseeSonne_B\u00f6rgerende_Seestra\u00dfe 26d\" aria-describedby=\"gallery-1-39\" srcset=\"http:\/\/ostseesonne.net\/wp-content\/uploads\/2017\/04\/20170224_144447-2-e1492174994523-150x150.jpg 150w, http:\/\/ostseesonne.net\/wp-content\/uploads\/2017\/04\/20170224_144447-2-e1492174994523-100x100.jpg 100w\" sizes=\"auto, 100vw\" \/><\/a>\n\t\t\t<\/div>\n\t\t\t\t<figcaption class='wp-caption-text gallery-caption' id='gallery-1-39'>\n\t\t\t\tUrlaub in der Ferienwohnung OstseeSonne\nG\u00f6nn dir eine Auszeit!\n\t\t\t\t<\/figcaption><\/figure>\n\t\t<\/div>\n\n<h1>Umgebung und Unternehmungen<\/h1>\n<p>Die neu gebaute Ferienwohnung liegt in B\u00f6rgerende an der Seestra\u00dfe 26 und ist nur 250 m vom sch\u00f6nen Ostsee Strand entfernt.<\/p>\n<p><strong>B\u00f6rgerende<\/strong> befindet sich zwischen dem mond\u00e4nen und \u00e4ltesten Ostseebad <strong>Heiligendamm<\/strong> und dem charakteristischen <strong>Gespensterwald in Nienhagen<\/strong>. Beide Orte sind nur ca. 4,8 km und 15 Min. entfernt. Der urw\u00fcchsige Gespensterwald mit seinen herrlichen Wanderwegen und den windschiefen B\u00e4umen ist etwas ganz Besonderes. \u201cWo der Wind das Gras m\u00e4ht\u201d sagen die Einheimischen, wenn sie von diesem magischen Ort sprechen:\u00a0 Weil die gebogenen Gr\u00e4ser des Waldes permanentem Seewind ausgesetzt sind, scheinen sie immer gleich lang zu bleiben.<\/p>\n<p>\u00dcber den <strong>Ostseek\u00fcsten-Radweg<\/strong> gelangen Sie nach <strong>K\u00fchlungsborn<\/strong> Ost,\u00a0 das 9 km und knapp 30 Minuten von B\u00f6rgerende entfernt ist. \u00dcber Nienhagen und dem <strong>Diedrichsh\u00e4ger Land<\/strong> erreichen Sie in knapp einer Stunde \u00fcber den Strandweg mit dem Rad den 15 km entfernten <strong>Ostseehafen Warnem\u00fcnde<\/strong>. In weiteren 35 Min. und 11,5 km befindet sich die <strong>Hansestadt Rostock<\/strong> mit allerlei Sehensw\u00fcrdigkeiten. Gro\u00dfst\u00e4dtisches Flair gepaart mit hanseatischer Architektur, einer breiten Kulturszene, moderner Gastronomie und vielf\u00e4ltigen Shoppingangeboten machen die Hansestadt Rostock zu einem echten Erlebnis f\u00fcr Kultur- und St\u00e4dtefans. Die \u00e4lteste Universit\u00e4t Nordeuropas (anno 1419) mit Kirchen, Kl\u00f6ster, Stadttoren und der \u00fcberall sichtbaren Backsteingotik lassen das hanseatische Flair von einst erahnen. Zahlreiche Museen und Kulturangebote an au\u00dfergew\u00f6hnlichen Orten wie z.B. einer ehemaligen Werfthalle oder einem fr\u00fcheren Nonnenkloster bieten ein abwechslungsreiches Programm.<\/p>\n<p>Golfspieler k\u00f6nnen w\u00e4hlen zwischen dem <em>Ostsee Golf Resort Wittenbeck<\/em>, das in s\u00fcdwestlicher Richtung ca. 10 km entfernt liegt und der <em>Golfanlage in Warnem\u00fcnde<\/em>, am Golfplatz 1.<\/p>\n<p>Leidenschaftliche Segler und Wassersportler finden entlang der Ostseek\u00fcste an verschiedenen Standorten die M\u00f6glichkeit ihre jeweiligen Hobbies auszu\u00fcben.<\/p>\n<p>Sie k\u00f6nnen auf dem Pferder\u00fccken, dem Rad oder in Wanderschuhen die traumhafte Landschaft der Ostseek\u00fcste erkunden. In B\u00f6rgerende kann auch in der nahe gelegenen Reitanlage Reitunterricht genommen werden.<\/p>\n<p>Viel Vergn\u00fcgen beim Erkunden der Landschaft!<\/p>\n<div id='gallery-2' class='gallery galleryid-84 gallery-columns-9 gallery-size-thumbnail'><figure class='gallery-item'>\n\t\t\t<div class='gallery-icon portrait'>\n\t\t\t\t<a href='http:\/\/ostseesonne.net\/wp-content\/uploads\/2018\/03\/Am-Strand-in-B\u00f6rgerende-e1520185064309.jpg'><img loading=\"lazy\" decoding=\"async\" width=\"150\" height=\"150\" src=\"http:\/\/ostseesonne.net\/wp-content\/uploads\/2018\/03\/Am-Strand-in-B\u00f6rgerende-e1520185064309-150x150.jpg\" class=\"attachment-thumbnail size-thumbnail\" alt=\"\" aria-describedby=\"gallery-2-238\" srcset=\"http:\/\/ostseesonne.net\/wp-content\/uploads\/2018\/03\/Am-Strand-in-B\u00f6rgerende-e1520185064309-150x150.jpg 150w, http:\/\/ostseesonne.net\/wp-content\/uploads\/2018\/03\/Am-Strand-in-B\u00f6rgerende-e1520185064309-100x100.jpg 100w\" sizes=\"auto, 100vw\" \/><\/a>\n\t\t\t<\/div>\n\t\t\t\t<figcaption class='wp-caption-text gallery-caption' id='gallery-2-238'>\n\t\t\t\tAm Strand von B\u00f6rgerende\n\t\t\t\t<\/figcaption><\/figure><figure class='gallery-item'>\n\t\t\t<div class='gallery-icon landscape'>\n\t\t\t\t<a href='http:\/\/ostseesonne.net\/wp-content\/uploads\/2018\/03\/Durch-den-Strandhafer.jpg'><img loading=\"lazy\" decoding=\"async\" width=\"150\" height=\"150\" src=\"http:\/\/ostseesonne.net\/wp-content\/uploads\/2018\/03\/Durch-den-Strandhafer-150x150.jpg\" class=\"attachment-thumbnail size-thumbnail\" alt=\"\" srcset=\"http:\/\/ostseesonne.net\/wp-content\/uploads\/2018\/03\/Durch-den-Strandhafer-150x150.jpg 150w, http:\/\/ostseesonne.net\/wp-content\/uploads\/2018\/03\/Durch-den-Strandhafer-100x100.jpg 100w\" sizes=\"auto, 100vw\" \/><\/a>\n\t\t\t<\/div><\/figure><figure class='gallery-item'>\n\t\t\t<div class='gallery-icon landscape'>\n\t\t\t\t<a href='http:\/\/ostseesonne.net\/wp-content\/uploads\/2018\/03\/Strand-PUR.jpg'><img loading=\"lazy\" decoding=\"async\" width=\"150\" height=\"150\" src=\"http:\/\/ostseesonne.net\/wp-content\/uploads\/2018\/03\/Strand-PUR-150x150.jpg\" class=\"attachment-thumbnail size-thumbnail\" alt=\"\" aria-describedby=\"gallery-2-249\" srcset=\"http:\/\/ostseesonne.net\/wp-content\/uploads\/2018\/03\/Strand-PUR-150x150.jpg 150w, http:\/\/ostseesonne.net\/wp-content\/uploads\/2018\/03\/Strand-PUR-100x100.jpg 100w\" sizes=\"auto, 100vw\" \/><\/a>\n\t\t\t<\/div>\n\t\t\t\t<figcaption class='wp-caption-text gallery-caption' id='gallery-2-249'>\n\t\t\t\tStrand PUR!\n\t\t\t\t<\/figcaption><\/figure><figure class='gallery-item'>\n\t\t\t<div class='gallery-icon landscape'>\n\t\t\t\t<a href='http:\/\/ostseesonne.net\/wp-content\/uploads\/2018\/03\/Sonnenuntergang-in-B\u00f6rgerende-e1520185107242.jpg'><img loading=\"lazy\" decoding=\"async\" width=\"150\" height=\"150\" src=\"http:\/\/ostseesonne.net\/wp-content\/uploads\/2018\/03\/Sonnenuntergang-in-B\u00f6rgerende-e1520185107242-150x150.jpg\" class=\"attachment-thumbnail size-thumbnail\" alt=\"\" aria-describedby=\"gallery-2-243\" srcset=\"http:\/\/ostseesonne.net\/wp-content\/uploads\/2018\/03\/Sonnenuntergang-in-B\u00f6rgerende-e1520185107242-150x150.jpg 150w, http:\/\/ostseesonne.net\/wp-content\/uploads\/2018\/03\/Sonnenuntergang-in-B\u00f6rgerende-e1520185107242-100x100.jpg 100w\" sizes=\"auto, 100vw\" \/><\/a>\n\t\t\t<\/div>\n\t\t\t\t<figcaption class='wp-caption-text gallery-caption' id='gallery-2-243'>\n\t\t\t\tSonnenuntergang in B\u00f6rgerende\n\t\t\t\t<\/figcaption><\/figure><figure class='gallery-item'>\n\t\t\t<div class='gallery-icon landscape'>\n\t\t\t\t<a href='http:\/\/ostseesonne.net\/wp-content\/uploads\/2018\/03\/Laufen-am-Wasser.jpg'><img loading=\"lazy\" decoding=\"async\" width=\"150\" height=\"150\" src=\"http:\/\/ostseesonne.net\/wp-content\/uploads\/2018\/03\/Laufen-am-Wasser-150x150.jpg\" class=\"attachment-thumbnail size-thumbnail\" alt=\"\" aria-describedby=\"gallery-2-242\" srcset=\"http:\/\/ostseesonne.net\/wp-content\/uploads\/2018\/03\/Laufen-am-Wasser-150x150.jpg 150w, http:\/\/ostseesonne.net\/wp-content\/uploads\/2018\/03\/Laufen-am-Wasser-100x100.jpg 100w\" sizes=\"auto, 100vw\" \/><\/a>\n\t\t\t<\/div>\n\t\t\t\t<figcaption class='wp-caption-text gallery-caption' id='gallery-2-242'>\n\t\t\t\tLaufen am Wasser\n\t\t\t\t<\/figcaption><\/figure><figure class='gallery-item'>\n\t\t\t<div class='gallery-icon landscape'>\n\t\t\t\t<a href='http:\/\/ostseesonne.net\/wp-content\/uploads\/2017\/04\/20160925_180158-e1492174008710.jpg'><img loading=\"lazy\" decoding=\"async\" width=\"150\" height=\"150\" src=\"http:\/\/ostseesonne.net\/wp-content\/uploads\/2017\/04\/20160925_180158-e1492174008710-150x150.jpg\" class=\"attachment-thumbnail size-thumbnail\" alt=\"Ferienwohnung_OstseeSonne_B\u00f6rgerende_Seestra\u00dfe 26d\" aria-describedby=\"gallery-2-19\" srcset=\"http:\/\/ostseesonne.net\/wp-content\/uploads\/2017\/04\/20160925_180158-e1492174008710-150x150.jpg 150w, http:\/\/ostseesonne.net\/wp-content\/uploads\/2017\/04\/20160925_180158-e1492174008710-100x100.jpg 100w\" sizes=\"auto, 100vw\" \/><\/a>\n\t\t\t<\/div>\n\t\t\t\t<figcaption class='wp-caption-text gallery-caption' id='gallery-2-19'>\n\t\t\t\tAusflugsziel K\u00fchlungsborn\n\t\t\t\t<\/figcaption><\/figure><figure class='gallery-item'>\n\t\t\t<div class='gallery-icon landscape'>\n\t\t\t\t<a href='http:\/\/ostseesonne.net\/wp-content\/uploads\/2017\/04\/20160923_142536-e1492174414586.jpg'><img loading=\"lazy\" decoding=\"async\" width=\"150\" height=\"150\" src=\"http:\/\/ostseesonne.net\/wp-content\/uploads\/2017\/04\/20160923_142536-e1492174414586-150x150.jpg\" class=\"attachment-thumbnail size-thumbnail\" alt=\"Ferienwohnung_OstseeSonne_B\u00f6rgerende_Seestra\u00dfe 26d\" aria-describedby=\"gallery-2-9\" srcset=\"http:\/\/ostseesonne.net\/wp-content\/uploads\/2017\/04\/20160923_142536-e1492174414586-150x150.jpg 150w, http:\/\/ostseesonne.net\/wp-content\/uploads\/2017\/04\/20160923_142536-e1492174414586-100x100.jpg 100w\" sizes=\"auto, 100vw\" \/><\/a>\n\t\t\t<\/div>\n\t\t\t\t<figcaption class='wp-caption-text gallery-caption' id='gallery-2-9'>\n\t\t\t\tAusflugsziel Heiligendamm\n\t\t\t\t<\/figcaption><\/figure>\n\t\t<\/div>\n\n<p>&nbsp;<\/p>\n","protected":false},"excerpt":{"rendered":"<p>Umgebung und Unternehmungen Die neu gebaute Ferienwohnung liegt in B\u00f6rgerende an der Seestra\u00dfe 26 und ist nur 250 m vom sch\u00f6nen Ostsee Strand entfernt. B\u00f6rgerende befindet sich zwischen dem mond\u00e4nen und \u00e4ltesten Ostseebad Heiligendamm und dem charakteristischen Gespensterwald in Nienhagen. Beide Orte sind nur ca. 4,8 km und 15 Min. entfernt. Der urw\u00fcchsige Gespensterwald mit &hellip; <\/p>\n<p class=\"link-more\"><a href=\"http:\/\/ostseesonne.net\/?page_id=84\" class=\"more-link\"><span class=\"screen-reader-text\">\u201eUmgebung\u201c <\/span>weiterlesen<\/a><\/p>\n","protected":false},"author":1,"featured_media":0,"parent":0,"menu_order":0,"comment_status":"closed","ping_status":"closed","template":"","meta":{"footnotes":""},"class_list":["post-84","page","type-page","status-publish","hentry"],"_links":{"self":[{"href":"http:\/\/ostseesonne.net\/index.php?rest_route=\/wp\/v2\/pages\/84","targetHints":{"allow":["GET"]}}],"collection":[{"href":"http:\/\/ostseesonne.net\/index.php?rest_route=\/wp\/v2\/pages"}],"about":[{"href":"http:\/\/ostseesonne.net\/index.php?rest_route=\/wp\/v2\/types\/page"}],"author":[{"embeddable":true,"href":"http:\/\/ostseesonne.net\/index.php?rest_route=\/wp\/v2\/users\/1"}],"replies":[{"embeddable":true,"href":"http:\/\/ostseesonne.net\/index.php?rest_route=%2Fwp%2Fv2%2Fcomments&post=84"}],"version-history":[{"count":9,"href":"http:\/\/ostseesonne.net\/index.php?rest_route=\/wp\/v2\/pages\/84\/revisions"}],"predecessor-version":[{"id":284,"href":"http:\/\/ostseesonne.net\/index.php?rest_route=\/wp\/v2\/pages\/84\/revisions\/284"}],"wp:attachment":[{"href":"http:\/\/ostseesonne.net\/index.php?rest_route=%2Fwp%2Fv2%2Fmedia&parent=84"}],"curies":[{"name":"wp","href":"https:\/\/api.w.org\/{rel}","templated":true}]}}