{"id":87,"date":"2017-04-15T12:40:29","date_gmt":"2017-04-15T12:40:29","guid":{"rendered":"http:\/\/ostseesonne.net\/?page_id=87"},"modified":"2026-02-18T18:26:49","modified_gmt":"2026-02-18T18:26:49","slug":"kontakt","status":"publish","type":"page","link":"http:\/\/ostseesonne.net\/?page_id=87","title":{"rendered":"Kontakt"},"content":{"rendered":"<p>Anfragen und Buchen k\u00f6nnen Sie bei:<\/p>\n<p><a href=\"https:\/\/www.david-touristik.de\/ferienunterkuenfte\/details\/fewo-ostseesonne\">David Touristik by Urlando<\/a> oder alternativ bei <a href=\"https:\/\/www.urlando.de\/buchen\/detail\/fewo-ostseesonne-221099\">Urlando<\/a><\/p>\n<p>Telefonisch erreichen Sie das Team in K\u00fchlungsborn:\u00a0 04561 613939 0<\/p>\n<div class=\"ce_text block\">\n<p>oder per Mail:\u00a0 info(at)urlando.de<\/p>\n<p>Wir freuen uns \u00fcber Ihren Besuch unserer Ferienwohnung OstseeSonne in B\u00f6rgerende und w\u00fcnschen Ihnen einen wundersch\u00f6nen erholsamen Urlaub an der Ostsee in unber\u00fchrter Natur mit einer leichten Brise und viel Sonnenschein.<\/p>\n<\/div>\n","protected":false},"excerpt":{"rendered":"<p>Anfragen und Buchen k\u00f6nnen Sie bei: David Touristik by Urlando oder alternativ bei Urlando Telefonisch erreichen Sie das Team in K\u00fchlungsborn:\u00a0 04561 613939 0 oder per Mail:\u00a0 info(at)urlando.de Wir freuen uns \u00fcber Ihren Besuch unserer Ferienwohnung OstseeSonne in B\u00f6rgerende und w\u00fcnschen Ihnen einen wundersch\u00f6nen erholsamen Urlaub an der Ostsee in unber\u00fchrter Natur mit einer leichten &hellip; <\/p>\n<p class=\"link-more\"><a href=\"http:\/\/ostseesonne.net\/?page_id=87\" class=\"more-link\"><span class=\"screen-reader-text\">\u201eKontakt\u201c <\/span>weiterlesen<\/a><\/p>\n","protected":false},"author":1,"featured_media":0,"parent":0,"menu_order":0,"comment_status":"closed","ping_status":"closed","template":"","meta":{"footnotes":""},"class_list":["post-87","page","type-page","status-publish","hentry"],"_links":{"self":[{"href":"http:\/\/ostseesonne.net\/index.php?rest_route=\/wp\/v2\/pages\/87","targetHints":{"allow":["GET"]}}],"collection":[{"href":"http:\/\/ostseesonne.net\/index.php?rest_route=\/wp\/v2\/pages"}],"about":[{"href":"http:\/\/ostseesonne.net\/index.php?rest_route=\/wp\/v2\/types\/page"}],"author":[{"embeddable":true,"href":"http:\/\/ostseesonne.net\/index.php?rest_route=\/wp\/v2\/users\/1"}],"replies":[{"embeddable":true,"href":"http:\/\/ostseesonne.net\/index.php?rest_route=%2Fwp%2Fv2%2Fcomments&post=87"}],"version-history":[{"count":14,"href":"http:\/\/ostseesonne.net\/index.php?rest_route=\/wp\/v2\/pages\/87\/revisions"}],"predecessor-version":[{"id":300,"href":"http:\/\/ostseesonne.net\/index.php?rest_route=\/wp\/v2\/pages\/87\/revisions\/300"}],"wp:attachment":[{"href":"http:\/\/ostseesonne.net\/index.php?rest_route=%2Fwp%2Fv2%2Fmedia&parent=87"}],"curies":[{"name":"wp","href":"https:\/\/api.w.org\/{rel}","templated":true}]}}